{"id":3845,"date":"2024-05-08T16:27:20","date_gmt":"2024-05-08T14:27:20","guid":{"rendered":"https:\/\/miherzie.com\/?page_id=3845"},"modified":"2024-05-09T09:44:20","modified_gmt":"2024-05-09T07:44:20","slug":"reptile","status":"publish","type":"page","link":"https:\/\/miherzie.com\/index.php\/reptile\/","title":{"rendered":""},"content":{"rendered":"\t\t<div data-elementor-type=\"wp-page\" data-elementor-id=\"3845\" class=\"elementor elementor-3845\" data-elementor-post-type=\"page\">\n\t\t\t\t\t\t\t<div class=\"elementor-element elementor-element-48a8437d e-con-full e-flex e-con\" data-id=\"48a8437d\" data-element_type=\"container\" data-settings=\"{&quot;background_background&quot;:&quot;gradient&quot;,&quot;content_width&quot;:&quot;full&quot;}\">\n\t\t\t\t<div class=\"elementor-element elementor-element-a016816 elementor-widget__width-initial elementor-arrows-position-inside elementor-pagination-position-outside elementor-widget elementor-widget-image-carousel\" data-id=\"a016816\" data-element_type=\"widget\" data-settings=\"{&quot;slides_to_show&quot;:&quot;1&quot;,&quot;navigation&quot;:&quot;both&quot;,&quot;autoplay&quot;:&quot;yes&quot;,&quot;pause_on_hover&quot;:&quot;yes&quot;,&quot;pause_on_interaction&quot;:&quot;yes&quot;,&quot;autoplay_speed&quot;:5000,&quot;infinite&quot;:&quot;yes&quot;,&quot;effect&quot;:&quot;slide&quot;,&quot;speed&quot;:500}\" data-widget_type=\"image-carousel.default\">\n\t\t\t\t<div class=\"elementor-widget-container\">\n\t\t\t<style>\/*! elementor - v3.15.0 - 02-08-2023 *\/\n.elementor-widget-image-carousel .swiper,.elementor-widget-image-carousel .swiper-container{position:static}.elementor-widget-image-carousel .swiper-container .swiper-slide figure,.elementor-widget-image-carousel .swiper .swiper-slide figure{line-height:inherit}.elementor-widget-image-carousel .swiper-slide{text-align:center}.elementor-image-carousel-wrapper:not(.swiper-container-initialized):not(.swiper-initialized) .swiper-slide{max-width:calc(100% \/ var(--e-image-carousel-slides-to-show, 3))}<\/style>\t\t<div class=\"elementor-image-carousel-wrapper swiper\" dir=\"ltr\">\n\t\t\t<div class=\"elementor-image-carousel swiper-wrapper\" aria-live=\"off\">\n\t\t\t\t\t\t\t\t<div class=\"swiper-slide\" role=\"group\" aria-roledescription=\"slide\" aria-label=\"1 of 12\"><figure class=\"swiper-slide-inner\"><img decoding=\"async\" class=\"swiper-slide-image\" src=\"https:\/\/miherzie.com\/wp-content\/uploads\/elementor\/thumbs\/DSC_2310-scaled-qp9204wajp7sqiwbjferbjesy3ulwyn2lq1eb24zwo.jpeg\" alt=\"DSC_2310\" \/><\/figure><\/div><div class=\"swiper-slide\" role=\"group\" aria-roledescription=\"slide\" aria-label=\"2 of 12\"><figure class=\"swiper-slide-inner\"><img decoding=\"async\" class=\"swiper-slide-image\" src=\"https:\/\/miherzie.com\/wp-content\/uploads\/elementor\/thumbs\/DSC_2161-scaled-e1691754581522-qp91nph46k7b84y8420ccobe6p3w51au87i9vcke6g.jpeg\" alt=\"DSC_2161\" \/><\/figure><\/div><div class=\"swiper-slide\" role=\"group\" aria-roledescription=\"slide\" aria-label=\"3 of 12\"><figure class=\"swiper-slide-inner\"><img decoding=\"async\" class=\"swiper-slide-image\" src=\"https:\/\/miherzie.com\/wp-content\/uploads\/elementor\/thumbs\/DSC_2259-scaled-qp91wff7l852xwa76tpqhh3cle4hjxx6rdeg5rmwg8.jpeg\" alt=\"DSC_2259\" \/><\/figure><\/div><div class=\"swiper-slide\" role=\"group\" aria-roledescription=\"slide\" aria-label=\"4 of 12\"><figure class=\"swiper-slide-inner\"><img decoding=\"async\" class=\"swiper-slide-image\" src=\"https:\/\/miherzie.com\/wp-content\/uploads\/elementor\/thumbs\/DSC_21731-scaled-qp91prqd6h0ypbyd2g3vbnkt44xw14hmuf1ms7iaiw.jpeg\" alt=\"DSC_2173(1)\" \/><\/figure><\/div><div class=\"swiper-slide\" role=\"group\" aria-roledescription=\"slide\" aria-label=\"5 of 12\"><figure class=\"swiper-slide-inner\"><img decoding=\"async\" class=\"swiper-slide-image\" src=\"https:\/\/miherzie.com\/wp-content\/uploads\/elementor\/thumbs\/DSC_2599-1-scaled-qp92nlx77rcknysvh2od3466zi5l4utrhwiwqtc2iw.jpeg\" alt=\"DSC_2599\" \/><\/figure><\/div><div class=\"swiper-slide\" role=\"group\" aria-roledescription=\"slide\" aria-label=\"6 of 12\"><figure class=\"swiper-slide-inner\"><img decoding=\"async\" class=\"swiper-slide-image\" src=\"https:\/\/miherzie.com\/wp-content\/uploads\/elementor\/thumbs\/DSC_2321-scaled-e1691754514241-qp9212qhdqi4chj61u1btavebz7tm2deqdivl0qtoo.jpeg\" alt=\"DSC_2321\" \/><\/figure><\/div><div class=\"swiper-slide\" role=\"group\" aria-roledescription=\"slide\" aria-label=\"7 of 12\"><figure class=\"swiper-slide-inner\"><img decoding=\"async\" class=\"swiper-slide-image\" src=\"https:\/\/miherzie.com\/wp-content\/uploads\/elementor\/thumbs\/DSC_2306-scaled-qp91z2cwrhr1iigasgr1zb4wlb4k5de2sfahmpq4zs.jpeg\" alt=\"DSC_2306\" \/><\/figure><\/div><div class=\"swiper-slide\" role=\"group\" aria-roledescription=\"slide\" aria-label=\"8 of 12\"><figure class=\"swiper-slide-inner\"><img decoding=\"async\" class=\"swiper-slide-image\" src=\"https:\/\/miherzie.com\/wp-content\/uploads\/elementor\/thumbs\/DSC_2202-scaled-qp91ufzh5tfafj5yryu37z4bg3wlay1l5jtjoqktl4.jpeg\" alt=\"DSC_2202\" \/><\/figure><\/div><div class=\"swiper-slide\" role=\"group\" aria-roledescription=\"slide\" aria-label=\"9 of 12\"><figure class=\"swiper-slide-inner\"><img decoding=\"async\" class=\"swiper-slide-image\" src=\"https:\/\/miherzie.com\/wp-content\/uploads\/elementor\/thumbs\/DSC_2633-1-scaled-qp92okp88mo6ljectzpk5de8yre61nntyonvi1wi4o.jpeg\" alt=\"DSC_2633\" \/><\/figure><\/div><div class=\"swiper-slide\" role=\"group\" aria-roledescription=\"slide\" aria-label=\"10 of 12\"><figure class=\"swiper-slide-inner\"><img decoding=\"async\" class=\"swiper-slide-image\" src=\"https:\/\/miherzie.com\/wp-content\/uploads\/elementor\/thumbs\/DSC_2181-scaled-e1691754559724-qp91sdq85wlmyc5ttkqk8zuwio2leuusjca6rvmx8o.jpeg\" alt=\"DSC_2181\" \/><\/figure><\/div><div class=\"swiper-slide\" role=\"group\" aria-roledescription=\"slide\" aria-label=\"11 of 12\"><figure class=\"swiper-slide-inner\"><img decoding=\"async\" class=\"swiper-slide-image\" src=\"https:\/\/miherzie.com\/wp-content\/uploads\/elementor\/thumbs\/DSC_2592-1-scaled-qp92n429lwo4jditdcyg9qofp6lm2luv3g4omk2jt4.jpeg\" alt=\"DSC_2592\" \/><\/figure><\/div><div class=\"swiper-slide\" role=\"group\" aria-roledescription=\"slide\" aria-label=\"12 of 12\"><figure class=\"swiper-slide-inner\"><img decoding=\"async\" class=\"swiper-slide-image\" src=\"https:\/\/miherzie.com\/wp-content\/uploads\/elementor\/thumbs\/C9057475-9380-4174-A083-20300FB3B413-scaled-qp91jqlnbqrq7eprac91todbw4o3n1jn0kcgxag8g8.jpeg\" alt=\"C9057475-9380-4174-A083-20300FB3B413\" \/><\/figure><\/div>\t\t\t<\/div>\n\t\t\t\t\t\t\t\t\t\t\t\t<div class=\"elementor-swiper-button elementor-swiper-button-prev\" role=\"button\" tabindex=\"0\">\n\t\t\t\t\t\t<i aria-hidden=\"true\" class=\"eicon-chevron-left\"><\/i>\t\t\t\t\t<\/div>\n\t\t\t\t\t<div class=\"elementor-swiper-button elementor-swiper-button-next\" role=\"button\" tabindex=\"0\">\n\t\t\t\t\t\t<i aria-hidden=\"true\" class=\"eicon-chevron-right\"><\/i>\t\t\t\t\t<\/div>\n\t\t\t\t\n\t\t\t\t\t\t\t\t\t<div class=\"swiper-pagination\"><\/div>\n\t\t\t\t\t\t\t\t\t<\/div>\n\t\t\t\t<\/div>\n\t\t\t\t<\/div>\n\t\t<div class=\"elementor-element elementor-element-738a1787 e-con-full e-flex e-con\" data-id=\"738a1787\" data-element_type=\"container\" data-settings=\"{&quot;content_width&quot;:&quot;full&quot;}\">\n\t\t\t\t<div class=\"elementor-element elementor-element-27e002f7 animated-slow elementor-invisible elementor-widget elementor-widget-heading\" data-id=\"27e002f7\" data-element_type=\"widget\" data-settings=\"{&quot;_animation&quot;:&quot;slideInUp&quot;}\" data-widget_type=\"heading.default\">\n\t\t\t\t<div class=\"elementor-widget-container\">\n\t\t\t<style>\/*! elementor - v3.15.0 - 02-08-2023 *\/\n.elementor-heading-title{padding:0;margin:0;line-height:1}.elementor-widget-heading .elementor-heading-title[class*=elementor-size-]>a{color:inherit;font-size:inherit;line-height:inherit}.elementor-widget-heading .elementor-heading-title.elementor-size-small{font-size:15px}.elementor-widget-heading .elementor-heading-title.elementor-size-medium{font-size:19px}.elementor-widget-heading .elementor-heading-title.elementor-size-large{font-size:29px}.elementor-widget-heading .elementor-heading-title.elementor-size-xl{font-size:39px}.elementor-widget-heading .elementor-heading-title.elementor-size-xxl{font-size:59px}<\/style><h2 class=\"elementor-heading-title elementor-size-default\">Reptile<\/h2>\t\t<\/div>\n\t\t\t\t<\/div>\n\t\t\t\t<div class=\"elementor-element elementor-element-e58efed elementor-widget elementor-widget-text-editor\" data-id=\"e58efed\" data-element_type=\"widget\" data-widget_type=\"text-editor.default\">\n\t\t\t\t<div class=\"elementor-widget-container\">\n\t\t\t<style>\/*! elementor - v3.15.0 - 02-08-2023 *\/\n.elementor-widget-text-editor.elementor-drop-cap-view-stacked .elementor-drop-cap{background-color:#69727d;color:#fff}.elementor-widget-text-editor.elementor-drop-cap-view-framed .elementor-drop-cap{color:#69727d;border:3px solid;background-color:transparent}.elementor-widget-text-editor:not(.elementor-drop-cap-view-default) .elementor-drop-cap{margin-top:8px}.elementor-widget-text-editor:not(.elementor-drop-cap-view-default) .elementor-drop-cap-letter{width:1em;height:1em}.elementor-widget-text-editor .elementor-drop-cap{float:left;text-align:center;line-height:1;font-size:50px}.elementor-widget-text-editor .elementor-drop-cap-letter{display:inline-block}<\/style>\t\t\t\t<p>\u00a0P\u0159i tvorb\u011b t\u011bchto \u0161at\u016f jsem se inspirovala je\u0161t\u011bry. Odkaz na je\u0161t\u011b\u0159\u00ed t\u011blo si m\u016f\u017eete v\u0161imnout u skl\u00e1dan\u00e9 sukn\u011b, kter\u00e1 p\u0159edstavuje \u0161upiny t\u011bchto tvor\u016f. \u0160aty jsou u\u0161ity z velmi jemn\u00e9ho, matn\u00e9ho sat\u00e9nu.<\/p>\t\t\t\t\t\t<\/div>\n\t\t\t\t<\/div>\n\t\t\t\t<\/div>\n\t\t\t\t<\/div>\n\t\t<div class=\"elementor-element elementor-element-705470e3 e-con-full e-flex e-con\" data-id=\"705470e3\" data-element_type=\"container\" data-settings=\"{&quot;background_background&quot;:&quot;classic&quot;,&quot;content_width&quot;:&quot;full&quot;}\">\n\t\t\t\t<div class=\"elementor-element elementor-element-1540ea3 elementor-widget__width-inherit elementor-widget elementor-widget-toggle\" data-id=\"1540ea3\" data-element_type=\"widget\" data-widget_type=\"toggle.default\">\n\t\t\t\t<div class=\"elementor-widget-container\">\n\t\t\t<style>\/*! elementor - v3.15.0 - 02-08-2023 *\/\n.elementor-toggle{text-align:left}.elementor-toggle .elementor-tab-title{font-weight:700;line-height:1;margin:0;padding:15px;border-bottom:1px solid #d5d8dc;cursor:pointer;outline:none}.elementor-toggle .elementor-tab-title .elementor-toggle-icon{display:inline-block;width:1em}.elementor-toggle .elementor-tab-title .elementor-toggle-icon svg{-webkit-margin-start:-5px;margin-inline-start:-5px;width:1em;height:1em}.elementor-toggle .elementor-tab-title .elementor-toggle-icon.elementor-toggle-icon-right{float:right;text-align:right}.elementor-toggle .elementor-tab-title .elementor-toggle-icon.elementor-toggle-icon-left{float:left;text-align:left}.elementor-toggle .elementor-tab-title .elementor-toggle-icon .elementor-toggle-icon-closed{display:block}.elementor-toggle .elementor-tab-title .elementor-toggle-icon .elementor-toggle-icon-opened{display:none}.elementor-toggle .elementor-tab-title.elementor-active{border-bottom:none}.elementor-toggle .elementor-tab-title.elementor-active .elementor-toggle-icon-closed{display:none}.elementor-toggle .elementor-tab-title.elementor-active .elementor-toggle-icon-opened{display:block}.elementor-toggle .elementor-tab-content{padding:15px;border-bottom:1px solid #d5d8dc;display:none}@media (max-width:767px){.elementor-toggle .elementor-tab-title{padding:12px}.elementor-toggle .elementor-tab-content{padding:12px 10px}}.e-con-inner>.elementor-widget-toggle,.e-con>.elementor-widget-toggle{width:var(--container-widget-width);--flex-grow:var(--container-widget-flex-grow)}<\/style>\t\t<div class=\"elementor-toggle\">\n\t\t\t\t\t\t\t<div class=\"elementor-toggle-item\">\n\t\t\t\t\t<div id=\"elementor-tab-title-2221\" class=\"elementor-tab-title\" data-tab=\"1\" role=\"button\" aria-controls=\"elementor-tab-content-2221\" aria-expanded=\"false\">\n\t\t\t\t\t\t\t\t\t\t\t\t<span class=\"elementor-toggle-icon elementor-toggle-icon-right\" aria-hidden=\"true\">\n\t\t\t\t\t\t\t\t\t\t\t\t\t\t\t<span class=\"elementor-toggle-icon-closed\"><svg xmlns=\"http:\/\/www.w3.org\/2000\/svg\" id=\"a\" width=\"37.8801\" height=\"37\" viewBox=\"0 0 37.8801 37\"><polygon points=\"37.3801 14 23.72 14 23.72 .5 23.72 0 23.22 0 14.66 0 14.16 0 14.16 .5 14.16 14 .5 14 0 14 0 14.5 0 22.5 0 23 .5 23 14.16 23 14.16 36.5 14.16 37 14.66 37 23.22 37 23.72 37 23.72 36.5 23.72 23 37.3801 23 37.8801 23 37.8801 22.5 37.8801 14.5 37.8801 14 37.3801 14\"><\/polygon><\/svg><\/span>\n\t\t\t\t\t\t\t\t<span class=\"elementor-toggle-icon-opened\"><i class=\"elementor-toggle-icon-opened fas fa-minus\"><\/i><\/span>\n\t\t\t\t\t\t\t\t\t\t\t\t\t<\/span>\n\t\t\t\t\t\t\t\t\t\t\t\t<a class=\"elementor-toggle-title\" tabindex=\"0\">V\u00edce o \u0161atech<\/a>\n\t\t\t\t\t<\/div>\n\n\t\t\t\t\t<div id=\"elementor-tab-content-2221\" class=\"elementor-tab-content elementor-clearfix\" data-tab=\"1\" role=\"region\" aria-labelledby=\"elementor-tab-title-2221\"><p>\u00a0<\/p><p>&#8211; velikost: XS-M<br \/>&#8211; mo\u017enost \u00fapravy\/zkr\u00e1cen\u00ed<br \/>&#8211; zkou\u0161ka: osobn\u011b v Plzni<br \/>&#8211; p\u0159evzet\u00ed: osobn\u011b, Z\u00e1silkovna (+ po\u0161tovn\u00e9)<br \/>&#8211; v cen\u011b: 3-4 dny vyp\u016fj\u010den\u00ed \u0161at\u016f, mo\u017enost \u00fapravy\/zkr\u00e1cen\u00ed<br \/>\u0161at\u016f<\/p><p><br \/>&#8211; cena p\u016fj\u010dovn\u00e9ho 4000,-<\/p><p>&#8211; cena koup\u011b 11000,-<\/p><p>\u00a0<\/p><\/div>\n\t\t\t\t<\/div>\n\t\t\t\t\t\t\t\t<\/div>\n\t\t\t\t<\/div>\n\t\t\t\t<\/div>\n\t\t\t\t<\/div>\n\t\t\t\t\t\t\t<\/div>\n\t\t","protected":false},"excerpt":{"rendered":"<p>Reptile \u00a0P\u0159i tvorb\u011b t\u011bchto \u0161at\u016f jsem se inspirovala je\u0161t\u011bry. Odkaz na je\u0161t\u011b\u0159\u00ed t\u011blo si m\u016f\u017eete v\u0161imnout u skl\u00e1dan\u00e9 sukn\u011b, kter\u00e1 p\u0159edstavuje \u0161upiny t\u011bchto tvor\u016f. \u0160aty jsou u\u0161ity z velmi jemn\u00e9ho, matn\u00e9ho sat\u00e9nu. V\u00edce o \u0161atech \u00a0 &#8211; velikost: XS-M&#8211; mo\u017enost \u00fapravy\/zkr\u00e1cen\u00ed&#8211; zkou\u0161ka: osobn\u011b v Plzni&#8211; p\u0159evzet\u00ed: osobn\u011b, Z\u00e1silkovna (+ po\u0161tovn\u00e9)&#8211; v cen\u011b: 3-4 dny vyp\u016fj\u010den\u00ed &hellip;<\/p>\n<p class=\"read-more\"> <a class=\"\" href=\"https:\/\/miherzie.com\/index.php\/reptile\/\">  Read More &raquo;<\/a><\/p>\n","protected":false},"author":1,"featured_media":0,"parent":0,"menu_order":0,"comment_status":"closed","ping_status":"closed","template":"","meta":{"site-sidebar-layout":"default","site-content-layout":"default","ast-global-header-display":"","ast-banner-title-visibility":"","ast-main-header-display":"","ast-hfb-above-header-display":"","ast-hfb-below-header-display":"","ast-hfb-mobile-header-display":"","site-post-title":"disabled","ast-breadcrumbs-content":"","ast-featured-img":"","footer-sml-layout":"","theme-transparent-header-meta":"","adv-header-id-meta":"","stick-header-meta":"","header-above-stick-meta":"","header-main-stick-meta":"","header-below-stick-meta":""},"_links":{"self":[{"href":"https:\/\/miherzie.com\/index.php\/wp-json\/wp\/v2\/pages\/3845"}],"collection":[{"href":"https:\/\/miherzie.com\/index.php\/wp-json\/wp\/v2\/pages"}],"about":[{"href":"https:\/\/miherzie.com\/index.php\/wp-json\/wp\/v2\/types\/page"}],"author":[{"embeddable":true,"href":"https:\/\/miherzie.com\/index.php\/wp-json\/wp\/v2\/users\/1"}],"replies":[{"embeddable":true,"href":"https:\/\/miherzie.com\/index.php\/wp-json\/wp\/v2\/comments?post=3845"}],"version-history":[{"count":23,"href":"https:\/\/miherzie.com\/index.php\/wp-json\/wp\/v2\/pages\/3845\/revisions"}],"predecessor-version":[{"id":3966,"href":"https:\/\/miherzie.com\/index.php\/wp-json\/wp\/v2\/pages\/3845\/revisions\/3966"}],"wp:attachment":[{"href":"https:\/\/miherzie.com\/index.php\/wp-json\/wp\/v2\/media?parent=3845"}],"curies":[{"name":"wp","href":"https:\/\/api.w.org\/{rel}","templated":true}]}}